{"id":1957,"date":"2021-08-18T11:12:08","date_gmt":"2021-08-18T09:12:08","guid":{"rendered":"https:\/\/ages1776.com\/?page_id=1957"},"modified":"2024-05-28T21:12:24","modified_gmt":"2024-05-28T19:12:24","slug":"impressum","status":"publish","type":"page","link":"https:\/\/giesser.com\/es\/impressum\/","title":{"rendered":"Imprenta"},"content":{"rendered":"\t\t<div data-elementor-type=\"wp-page\" data-elementor-id=\"1957\" class=\"elementor elementor-1957\" data-elementor-post-type=\"page\">\n\t\t\t\t\t\t<section class=\"elementor-section elementor-top-section elementor-element elementor-element-3b894d6 elementor-section-boxed elementor-section-height-default elementor-section-height-default\" data-id=\"3b894d6\" data-element_type=\"section\" data-e-type=\"section\" data-settings=\"{&quot;jet_parallax_layout_list&quot;:[{&quot;jet_parallax_layout_image&quot;:{&quot;url&quot;:&quot;&quot;,&quot;id&quot;:&quot;&quot;,&quot;size&quot;:&quot;&quot;},&quot;_id&quot;:&quot;0b406b7&quot;,&quot;jet_parallax_layout_image_tablet&quot;:{&quot;url&quot;:&quot;&quot;,&quot;id&quot;:&quot;&quot;,&quot;size&quot;:&quot;&quot;},&quot;jet_parallax_layout_image_mobile&quot;:{&quot;url&quot;:&quot;&quot;,&quot;id&quot;:&quot;&quot;,&quot;size&quot;:&quot;&quot;},&quot;jet_parallax_layout_speed&quot;:{&quot;unit&quot;:&quot;%&quot;,&quot;size&quot;:50,&quot;sizes&quot;:[]},&quot;jet_parallax_layout_type&quot;:&quot;scroll&quot;,&quot;jet_parallax_layout_direction&quot;:&quot;1&quot;,&quot;jet_parallax_layout_fx_direction&quot;:null,&quot;jet_parallax_layout_z_index&quot;:&quot;&quot;,&quot;jet_parallax_layout_bg_x&quot;:50,&quot;jet_parallax_layout_bg_x_tablet&quot;:&quot;&quot;,&quot;jet_parallax_layout_bg_x_mobile&quot;:&quot;&quot;,&quot;jet_parallax_layout_bg_y&quot;:50,&quot;jet_parallax_layout_bg_y_tablet&quot;:&quot;&quot;,&quot;jet_parallax_layout_bg_y_mobile&quot;:&quot;&quot;,&quot;jet_parallax_layout_bg_size&quot;:&quot;auto&quot;,&quot;jet_parallax_layout_bg_size_tablet&quot;:&quot;&quot;,&quot;jet_parallax_layout_bg_size_mobile&quot;:&quot;&quot;,&quot;jet_parallax_layout_animation_prop&quot;:&quot;transform&quot;,&quot;jet_parallax_layout_on&quot;:[&quot;desktop&quot;,&quot;tablet&quot;]}]}\">\n\t\t\t\t\t\t<div class=\"elementor-container elementor-column-gap-default\">\n\t\t\t\t\t<div class=\"elementor-column elementor-col-100 elementor-top-column elementor-element elementor-element-03be666\" data-id=\"03be666\" data-element_type=\"column\" data-e-type=\"column\">\n\t\t\t<div class=\"elementor-widget-wrap elementor-element-populated\">\n\t\t\t\t\t\t<div class=\"elementor-element elementor-element-05ab047 elementor-invisible elementor-widget elementor-widget-heading\" data-id=\"05ab047\" data-element_type=\"widget\" data-e-type=\"widget\" data-settings=\"{&quot;_animation&quot;:&quot;fadeInDown&quot;}\" data-widget_type=\"heading.default\">\n\t\t\t\t<div class=\"elementor-widget-container\">\n\t\t\t\t\t<h1 class=\"elementor-heading-title elementor-size-default\">Impressum<\/h1>\t\t\t\t<\/div>\n\t\t\t\t<\/div>\n\t\t\t\t\t<\/div>\n\t\t<\/div>\n\t\t\t\t\t<\/div>\n\t\t<\/section>\n\t\t\t\t<section class=\"elementor-section elementor-top-section elementor-element elementor-element-37a6101 elementor-section-boxed elementor-section-height-default elementor-section-height-default\" data-id=\"37a6101\" data-element_type=\"section\" data-e-type=\"section\" data-settings=\"{&quot;jet_parallax_layout_list&quot;:[{&quot;jet_parallax_layout_image&quot;:{&quot;url&quot;:&quot;&quot;,&quot;id&quot;:&quot;&quot;,&quot;size&quot;:&quot;&quot;},&quot;_id&quot;:&quot;027bc64&quot;,&quot;jet_parallax_layout_image_tablet&quot;:{&quot;url&quot;:&quot;&quot;,&quot;id&quot;:&quot;&quot;,&quot;size&quot;:&quot;&quot;},&quot;jet_parallax_layout_image_mobile&quot;:{&quot;url&quot;:&quot;&quot;,&quot;id&quot;:&quot;&quot;,&quot;size&quot;:&quot;&quot;},&quot;jet_parallax_layout_speed&quot;:{&quot;unit&quot;:&quot;%&quot;,&quot;size&quot;:50,&quot;sizes&quot;:[]},&quot;jet_parallax_layout_type&quot;:&quot;scroll&quot;,&quot;jet_parallax_layout_direction&quot;:&quot;1&quot;,&quot;jet_parallax_layout_fx_direction&quot;:null,&quot;jet_parallax_layout_z_index&quot;:&quot;&quot;,&quot;jet_parallax_layout_bg_x&quot;:50,&quot;jet_parallax_layout_bg_x_tablet&quot;:&quot;&quot;,&quot;jet_parallax_layout_bg_x_mobile&quot;:&quot;&quot;,&quot;jet_parallax_layout_bg_y&quot;:50,&quot;jet_parallax_layout_bg_y_tablet&quot;:&quot;&quot;,&quot;jet_parallax_layout_bg_y_mobile&quot;:&quot;&quot;,&quot;jet_parallax_layout_bg_size&quot;:&quot;auto&quot;,&quot;jet_parallax_layout_bg_size_tablet&quot;:&quot;&quot;,&quot;jet_parallax_layout_bg_size_mobile&quot;:&quot;&quot;,&quot;jet_parallax_layout_animation_prop&quot;:&quot;transform&quot;,&quot;jet_parallax_layout_on&quot;:[&quot;desktop&quot;,&quot;tablet&quot;]}]}\">\n\t\t\t\t\t\t<div class=\"elementor-container elementor-column-gap-default\">\n\t\t\t\t\t<div class=\"elementor-column elementor-col-100 elementor-top-column elementor-element elementor-element-8864337\" data-id=\"8864337\" data-element_type=\"column\" data-e-type=\"column\">\n\t\t\t<div class=\"elementor-widget-wrap elementor-element-populated\">\n\t\t\t\t\t\t<div class=\"elementor-element elementor-element-6c5c2c5 elementor-widget elementor-widget-text-editor\" data-id=\"6c5c2c5\" data-element_type=\"widget\" data-e-type=\"widget\" data-widget_type=\"text-editor.default\">\n\t\t\t\t<div class=\"elementor-widget-container\">\n\t\t\t\t\t\t\t\t\t<p><strong>ALFRED GIESSER MESSERFABRIK GMBH<\/strong><\/p>\n<p>Birkenstra\u00dfe 8 (Industriegebiet)<\/p>\n<p>71364 Winnenden-Birkmannsweiler<\/p>\n<p>Deutschland<\/p>\n<p><b>Tel.<\/b>: &nbsp;+49 (0) 7195\/9744-0<\/p>\n<p><b>E-Mail<\/b>: info@giesser.com<\/p>\n<p><b>Internet<\/b>: https:\/\/www.giesser.com<\/p>\n<p><b>Registergericht Stuttgart,<\/b> HRB 261924<\/p>\n<p><b>Vertretungsberechtigte Gesch\u00e4ftsf\u00fchrer: <\/b>Silvie Giesser-Reinhard, Hans Werner Reinhard<\/p>\n<p><b>Umsatzsteuer-Identifikationsnummer gem\u00e4\u00df \u00a7 27 a<\/b><\/p>\n<p><b>Umsatzsteuergesetz<\/b>: DE 811342422<\/p>\n<p>Haftungshinweis: Trotz sorgf\u00e4ltiger inhaltlicher Kontrolle \u00fcbernehmen wir keine Haftung f\u00fcr die Inhalte externer Links. F\u00fcr den Inhalt der verlinkten Seiten sind ausschlie\u00dflich deren Betreiber verantwortlich.<\/p>\n<h3><span style=\"font-weight: bold; font-family: 'Open Sans', sans-serif; font-size: 15px;\">Urheberrecht<\/span><span style=\"font-family: 'Open Sans', sans-serif; font-size: 15px;\">:<\/span><\/h3>\n<p>Die durch die Seitenbetreiber erstellten Inhalte und Werke auf diesen Seiten unterliegen dem deutschen Urheberrecht. Die Vervielf\u00e4ltigung, Bearbeitung, Verbreitung und jede Art der Verwertung au\u00dferhalb der Grenzen des Urheberrechtes bed\u00fcrfen der schriftlichen Zustimmung des jeweiligen Autors bzw. Erstellers.<\/p>\n<p>Soweit die Inhalte auf dieser Seite nicht vom Betreiber erstellt wurden, werden die Urheberrechte Dritter beachtet. Insbesondere werden Inhalte Dritter als solche gekennzeichnet. Sollten Sie trotzdem auf eine Urheberrechtsverletzung aufmerksam werden, bitten wir um einen entsprechenden Hinweis. Bei Bekanntwerden von Rechtsverletzungen werden wir derartige Inhalte umgehend entfernen.<\/p>\n<p><b>Fotos von Produkten oder Maschinen auf dieser website sind Eigentum der ALFRED GIESSER MESSERFABRIK GmbH <\/b>mit einer Ausnahme: Unter der Rubrik &#8222;Produkte &gt; Glasindustrie&#8220; wurde ein Foto freundlicherweise vom Bundesverband Glasindustrie e.V., D\u00fcsseldorf, zur Nutzung durch die ALFRED GIESSER MESSERFABRIK GmbH zur Verf\u00fcgung gestellt.<\/p>\t\t\t\t\t\t\t\t<\/div>\n\t\t\t\t<\/div>\n\t\t\t\t\t<\/div>\n\t\t<\/div>\n\t\t\t\t\t<\/div>\n\t\t<\/section>\n\t\t\t\t<\/div>\n\t\t","protected":false},"excerpt":{"rendered":"<p>Impressum ALFRED GIESSER MESSERFABRIK GMBH Birkenstra\u00dfe 8 (Industriegebiet) 71364 Winnenden-Birkmannsweiler Deutschland Tel.: &nbsp;+49 (0) 7195\/9744-0 E-Mail: info@giesser.com Internet: https:\/\/www.giesser.com Registergericht Stuttgart, HRB 261924 Vertretungsberechtigte Gesch\u00e4ftsf\u00fchrer: Silvie Giesser-Reinhard, Hans Werner Reinhard Umsatzsteuer-Identifikationsnummer gem\u00e4\u00df \u00a7 27 a Umsatzsteuergesetz: DE 811342422 Haftungshinweis: Trotz sorgf\u00e4ltiger inhaltlicher Kontrolle \u00fcbernehmen wir keine Haftung f\u00fcr die Inhalte externer Links. F\u00fcr den Inhalt [&hellip;]<\/p>\n","protected":false},"author":1,"featured_media":0,"parent":0,"menu_order":0,"comment_status":"closed","ping_status":"closed","template":"elementor_header_footer","meta":{"footnotes":""},"class_list":["post-1957","page","type-page","status-publish","hentry"],"yoast_head":"<!-- This site is optimized with the Yoast SEO plugin v27.2 - https:\/\/yoast.com\/product\/yoast-seo-wordpress\/ -->\n<title>Impressum - Alfred Giesser Messerfabrik<\/title>\n<meta name=\"description\" content=\"Willkomen bei der ALFRED GIESSER MESSERFABRIK - Hersteller von Maschinenmesser und Industriemesser - Excellence seit 1776.\" \/>\n<meta name=\"robots\" content=\"index, follow, max-snippet:-1, max-image-preview:large, max-video-preview:-1\" \/>\n<link rel=\"canonical\" href=\"https:\/\/giesser.com\/es\/imprenta\/\" \/>\n<meta property=\"og:locale\" content=\"es_ES\" \/>\n<meta property=\"og:type\" content=\"article\" \/>\n<meta property=\"og:title\" content=\"Impressum - Alfred Giesser Messerfabrik\" \/>\n<meta property=\"og:description\" content=\"Willkomen bei der ALFRED GIESSER MESSERFABRIK - Hersteller von Maschinenmesser und Industriemesser - Excellence seit 1776.\" \/>\n<meta property=\"og:url\" content=\"https:\/\/giesser.com\/es\/imprenta\/\" \/>\n<meta property=\"og:site_name\" content=\"Alfred Giesser Messerfabrik\" \/>\n<meta property=\"article:modified_time\" content=\"2024-05-28T19:12:24+00:00\" \/>\n<meta name=\"twitter:card\" content=\"summary_large_image\" \/>\n<meta name=\"twitter:label1\" content=\"Tiempo de lectura\" \/>\n\t<meta name=\"twitter:data1\" content=\"1 minuto\" \/>\n<script type=\"application\/ld+json\" class=\"yoast-schema-graph\">{\"@context\":\"https:\/\/schema.org\",\"@graph\":[{\"@type\":\"WebPage\",\"@id\":\"https:\/\/giesser.com\/impressum\/\",\"url\":\"https:\/\/giesser.com\/impressum\/\",\"name\":\"Impressum - Alfred Giesser Messerfabrik\",\"isPartOf\":{\"@id\":\"https:\/\/giesser.com\/#website\"},\"datePublished\":\"2021-08-18T09:12:08+00:00\",\"dateModified\":\"2024-05-28T19:12:24+00:00\",\"description\":\"Willkomen bei der ALFRED GIESSER MESSERFABRIK - Hersteller von Maschinenmesser und Industriemesser - Excellence seit 1776.\",\"breadcrumb\":{\"@id\":\"https:\/\/giesser.com\/impressum\/#breadcrumb\"},\"inLanguage\":\"es\",\"potentialAction\":[{\"@type\":\"ReadAction\",\"target\":[\"https:\/\/giesser.com\/impressum\/\"]}]},{\"@type\":\"BreadcrumbList\",\"@id\":\"https:\/\/giesser.com\/impressum\/#breadcrumb\",\"itemListElement\":[{\"@type\":\"ListItem\",\"position\":1,\"name\":\"Home\",\"item\":\"https:\/\/giesser.com\/\"},{\"@type\":\"ListItem\",\"position\":2,\"name\":\"Impressum\"}]},{\"@type\":\"WebSite\",\"@id\":\"https:\/\/giesser.com\/#website\",\"url\":\"https:\/\/giesser.com\/\",\"name\":\"Alfred Giesser Messerfabrik\",\"description\":\"Maschinenmesser und Industriemesser von Giesser - Excellence seit 1776\",\"potentialAction\":[{\"@type\":\"SearchAction\",\"target\":{\"@type\":\"EntryPoint\",\"urlTemplate\":\"https:\/\/giesser.com\/?s={search_term_string}\"},\"query-input\":{\"@type\":\"PropertyValueSpecification\",\"valueRequired\":true,\"valueName\":\"search_term_string\"}}],\"inLanguage\":\"es\"}]}<\/script>\n<!-- \/ Yoast SEO plugin. -->","yoast_head_json":{"title":"Imprenta","description":"Bienvenido a ALFRED GIESSER MESSERFABRIK - Fabricante de cuchillas para m\u00e1quinas y cuchillas industriales - Excelencia desde 1776.","robots":{"index":"index","follow":"follow","max-snippet":"max-snippet:-1","max-image-preview":"max-image-preview:large","max-video-preview":"max-video-preview:-1"},"canonical":"https:\/\/giesser.com\/es\/imprenta\/","og_locale":"es_ES","og_type":"article","og_title":"Impressum - Alfred Giesser Messerfabrik","og_description":"Willkomen bei der ALFRED GIESSER MESSERFABRIK - Hersteller von Maschinenmesser und Industriemesser - Excellence seit 1776.","og_url":"https:\/\/giesser.com\/es\/imprenta\/","og_site_name":"Alfred Giesser Messerfabrik","article_modified_time":"2024-05-28T19:12:24+00:00","twitter_card":"summary_large_image","twitter_misc":{"Tiempo de lectura":"1 minuto"},"schema":{"@context":"https:\/\/schema.org","@graph":[{"@type":"WebPage","@id":"https:\/\/giesser.com\/impressum\/","url":"https:\/\/giesser.com\/impressum\/","name":"Imprenta","isPartOf":{"@id":"https:\/\/giesser.com\/#website"},"datePublished":"2021-08-18T09:12:08+00:00","dateModified":"2024-05-28T19:12:24+00:00","description":"Bienvenido a ALFRED GIESSER MESSERFABRIK - Fabricante de cuchillas para m\u00e1quinas y cuchillas industriales - Excelencia desde 1776.","breadcrumb":{"@id":"https:\/\/giesser.com\/impressum\/#breadcrumb"},"inLanguage":"es","potentialAction":[{"@type":"ReadAction","target":["https:\/\/giesser.com\/impressum\/"]}]},{"@type":"BreadcrumbList","@id":"https:\/\/giesser.com\/impressum\/#breadcrumb","itemListElement":[{"@type":"ListItem","position":1,"name":"Home","item":"https:\/\/giesser.com\/"},{"@type":"ListItem","position":2,"name":"Impressum"}]},{"@type":"WebSite","@id":"https:\/\/giesser.com\/#website","url":"https:\/\/giesser.com\/","name":"Alfred Giesser Messerfabrik","description":"Maschinenmesser und Industriemesser von Giesser - Excellence seit 1776","potentialAction":[{"@type":"SearchAction","target":{"@type":"EntryPoint","urlTemplate":"https:\/\/giesser.com\/?s={search_term_string}"},"query-input":{"@type":"PropertyValueSpecification","valueRequired":true,"valueName":"search_term_string"}}],"inLanguage":"es"}]}},"_links":{"self":[{"href":"https:\/\/giesser.com\/es\/wp-json\/wp\/v2\/pages\/1957","targetHints":{"allow":["GET"]}}],"collection":[{"href":"https:\/\/giesser.com\/es\/wp-json\/wp\/v2\/pages"}],"about":[{"href":"https:\/\/giesser.com\/es\/wp-json\/wp\/v2\/types\/page"}],"author":[{"embeddable":true,"href":"https:\/\/giesser.com\/es\/wp-json\/wp\/v2\/users\/1"}],"replies":[{"embeddable":true,"href":"https:\/\/giesser.com\/es\/wp-json\/wp\/v2\/comments?post=1957"}],"version-history":[{"count":54,"href":"https:\/\/giesser.com\/es\/wp-json\/wp\/v2\/pages\/1957\/revisions"}],"predecessor-version":[{"id":27018,"href":"https:\/\/giesser.com\/es\/wp-json\/wp\/v2\/pages\/1957\/revisions\/27018"}],"wp:attachment":[{"href":"https:\/\/giesser.com\/es\/wp-json\/wp\/v2\/media?parent=1957"}],"curies":[{"name":"wp","href":"https:\/\/api.w.org\/{rel}","templated":true}]}}